{"id":96,"date":"2025-03-12T10:24:31","date_gmt":"2025-03-12T09:24:31","guid":{"rendered":"https:\/\/mx5klub.cz\/?page_id=96"},"modified":"2025-03-12T13:21:54","modified_gmt":"2025-03-12T12:21:54","slug":"srazy-2005","status":"publish","type":"page","link":"https:\/\/mx5klub.cz\/index.php\/kalendar\/srazy-2005\/","title":{"rendered":"Srazy 2005"},"content":{"rendered":"\n<p>3. dubna<br>Motok\u00e1ry \u2013 Radot\u00edn \/ Milan Scholz<\/p>\n\n\n\n<p>6. a\u017e 8. kv\u011btna<br>Jarn\u00ed Moravou \/ Luk\u00e1\u0161 Fiala, Michal Klempa<\/p>\n\n\n\n<p>26. a\u017e 29. kv\u011btna<br>Dolomity Tour (I) \/ Karin a Udo Elke, Gerd Micha<\/p>\n\n\n\n<p>10. a\u017e 12. \u010dervna<br>Wroclav \u2013 Polsko \/ Tomek Piechowicz<\/p>\n\n\n\n<p>1. a\u017e 3. \u010dervence<br>Po stop\u00e1ch K. H. M\u00e1chy \/ Helena Form\u00e1nkov\u00e1<\/p>\n\n\n\n<p>27. srpna<br>Vysok\u00e9 M\u00fdto \u2013 okruh \/ Luk\u00e1\u0161 Fiala, Petr Z\u00e1br\u0161<\/p>\n\n\n\n<p>15. a\u017e 18. z\u00e1\u0159\u00ed<br>Okolo \u010cech &#8211; ze \u0160umavy \/ Otam\u00edr \u0160van\u011bk, Ji\u0159ina Kousalov\u00e1<br>&#8211; p\u0159es Kru\u0161n\u00e9 hory do Krkono\u0161 \/ Ji\u0159\u00ed B\u00edl\u00fd<\/p>\n\n\n\n<p>26. listopad<br>K\u00e1cov \u2013 p\u0159edv\u00e1no\u010dn\u00ed setk\u00e1n\u00ed \/ Libor Novotn\u00fd<\/p>\n","protected":false},"excerpt":{"rendered":"<p>3. dubnaMotok\u00e1ry \u2013 Radot\u00edn \/ Milan Scholz 6. a\u017e 8. kv\u011btnaJarn\u00ed Moravou \/ Luk\u00e1\u0161 Fiala, Michal Klempa 26. a\u017e 29. kv\u011btnaDolomity Tour (I) \/ Karin a Udo Elke, Gerd Micha 10. a\u017e 12. \u010dervnaWroclav \u2013 Polsko \/ Tomek Piechowicz 1. &hellip; <a href=\"https:\/\/mx5klub.cz\/index.php\/kalendar\/srazy-2005\/\">Cel\u00fd p\u0159\u00edsp\u011bvek <span class=\"meta-nav\">&rarr;<\/span><\/a><\/p>\n","protected":false},"author":2,"featured_media":0,"parent":2,"menu_order":44,"comment_status":"closed","ping_status":"closed","template":"","meta":{"footnotes":""},"class_list":["post-96","page","type-page","status-publish","hentry"],"_links":{"self":[{"href":"https:\/\/mx5klub.cz\/index.php\/wp-json\/wp\/v2\/pages\/96","targetHints":{"allow":["GET"]}}],"collection":[{"href":"https:\/\/mx5klub.cz\/index.php\/wp-json\/wp\/v2\/pages"}],"about":[{"href":"https:\/\/mx5klub.cz\/index.php\/wp-json\/wp\/v2\/types\/page"}],"author":[{"embeddable":true,"href":"https:\/\/mx5klub.cz\/index.php\/wp-json\/wp\/v2\/users\/2"}],"replies":[{"embeddable":true,"href":"https:\/\/mx5klub.cz\/index.php\/wp-json\/wp\/v2\/comments?post=96"}],"version-history":[{"count":1,"href":"https:\/\/mx5klub.cz\/index.php\/wp-json\/wp\/v2\/pages\/96\/revisions"}],"predecessor-version":[{"id":97,"href":"https:\/\/mx5klub.cz\/index.php\/wp-json\/wp\/v2\/pages\/96\/revisions\/97"}],"up":[{"embeddable":true,"href":"https:\/\/mx5klub.cz\/index.php\/wp-json\/wp\/v2\/pages\/2"}],"wp:attachment":[{"href":"https:\/\/mx5klub.cz\/index.php\/wp-json\/wp\/v2\/media?parent=96"}],"curies":[{"name":"wp","href":"https:\/\/api.w.org\/{rel}","templated":true}]}}