{"id":89,"date":"2025-03-12T10:19:26","date_gmt":"2025-03-12T09:19:26","guid":{"rendered":"https:\/\/mx5klub.cz\/?page_id=89"},"modified":"2025-03-12T13:21:30","modified_gmt":"2025-03-12T12:21:30","slug":"srazy-2002","status":"publish","type":"page","link":"https:\/\/mx5klub.cz\/index.php\/kalendar\/srazy-2002\/","title":{"rendered":"Srazy 2002"},"content":{"rendered":"\n<p>24. dubna<br>Karl\u0161t\u011bjn a okol\u00ed \/ Pra\u017esk\u00fd t\u00fdm<\/p>\n\n\n\n<p>4. kv\u011btna<br>Je\u0161t\u011bd \/ Pra\u017esk\u00fd t\u00fdm<\/p>\n\n\n\n<p>17. a\u017e 19. kv\u011btna<br>Krkono\u0161e Tour Harrachov &#8211; Jelenia G\u00f3ra (PL) \/ Pra\u017esk\u00fd t\u00fdm<\/p>\n\n\n\n<p>14. a\u017e 18. \u010dervna<br>Vysok\u00e9 Tatry &#8211; autovlak \/ Libor Novotn\u00fd, Ale\u0161 Bene\u0161<\/p>\n\n\n\n<p>26. \u010dervna<br>Nov\u00e1 Rabyn\u011b \/ Pra\u017esk\u00fd t\u00fdm<\/p>\n\n\n\n<p>13. \u010dervence<br>Zv\u00edkov, Bechyn\u011b, Trhov\u00e9 Sviny \/ Pra\u017esk\u00fd t\u00fdm<\/p>\n\n\n\n<p>20. \u010dervence<br>svatba Veronika a Matou\u0161 Rekovi Libe\u0148sk\u00fd z\u00e1me\u010dek<\/p>\n\n\n\n<p>27. a\u017e 28. \u010dervence<br>\u0160umava \/ Otam\u00edr \u0160van\u011bk<\/p>\n\n\n\n<p>31. srpna<br>Kozel Tour \/ Petr Faltys<\/p>\n\n\n\n<p>14. z\u00e1\u0159\u00ed<br>Lednicko &#8211; Valtick\u00e1 Tour \/ Zde\u0148ka a Michal Klempovi<\/p>\n\n\n\n<p>21. a\u017e 22. z\u00e1\u0159\u00ed<br>Adr\u0161pach \/ Otam\u00edr \u0160van\u011bk, Ji\u0159\u00ed B\u00edl\u00fd<\/p>\n\n\n\n<p>15. listopad<br>Praha \u2013 Letensk\u00fd z\u00e1me\u010dek \/ Jan Kroh<\/p>\n\n\n\n<p>12. prosince<br>Argenta \u2013 Praha, \u0160t\u011brboholy &#8211; p\u0159edv\u00e1no\u010dn\u00ed setk\u00e1n\u00ed \/ Libor Novotn\u00fd<\/p>\n","protected":false},"excerpt":{"rendered":"<p>24. dubnaKarl\u0161t\u011bjn a okol\u00ed \/ Pra\u017esk\u00fd t\u00fdm 4. kv\u011btnaJe\u0161t\u011bd \/ Pra\u017esk\u00fd t\u00fdm 17. a\u017e 19. kv\u011btnaKrkono\u0161e Tour Harrachov &#8211; Jelenia G\u00f3ra (PL) \/ Pra\u017esk\u00fd t\u00fdm 14. a\u017e 18. \u010dervnaVysok\u00e9 Tatry &#8211; autovlak \/ Libor Novotn\u00fd, Ale\u0161 Bene\u0161 26. \u010dervnaNov\u00e1 Rabyn\u011b &hellip; <a href=\"https:\/\/mx5klub.cz\/index.php\/kalendar\/srazy-2002\/\">Cel\u00fd p\u0159\u00edsp\u011bvek <span class=\"meta-nav\">&rarr;<\/span><\/a><\/p>\n","protected":false},"author":2,"featured_media":0,"parent":2,"menu_order":47,"comment_status":"closed","ping_status":"closed","template":"","meta":{"footnotes":""},"class_list":["post-89","page","type-page","status-publish","hentry"],"_links":{"self":[{"href":"https:\/\/mx5klub.cz\/index.php\/wp-json\/wp\/v2\/pages\/89","targetHints":{"allow":["GET"]}}],"collection":[{"href":"https:\/\/mx5klub.cz\/index.php\/wp-json\/wp\/v2\/pages"}],"about":[{"href":"https:\/\/mx5klub.cz\/index.php\/wp-json\/wp\/v2\/types\/page"}],"author":[{"embeddable":true,"href":"https:\/\/mx5klub.cz\/index.php\/wp-json\/wp\/v2\/users\/2"}],"replies":[{"embeddable":true,"href":"https:\/\/mx5klub.cz\/index.php\/wp-json\/wp\/v2\/comments?post=89"}],"version-history":[{"count":1,"href":"https:\/\/mx5klub.cz\/index.php\/wp-json\/wp\/v2\/pages\/89\/revisions"}],"predecessor-version":[{"id":90,"href":"https:\/\/mx5klub.cz\/index.php\/wp-json\/wp\/v2\/pages\/89\/revisions\/90"}],"up":[{"embeddable":true,"href":"https:\/\/mx5klub.cz\/index.php\/wp-json\/wp\/v2\/pages\/2"}],"wp:attachment":[{"href":"https:\/\/mx5klub.cz\/index.php\/wp-json\/wp\/v2\/media?parent=89"}],"curies":[{"name":"wp","href":"https:\/\/api.w.org\/{rel}","templated":true}]}}