{"id":87,"date":"2025-03-12T10:17:42","date_gmt":"2025-03-12T09:17:42","guid":{"rendered":"https:\/\/mx5klub.cz\/?page_id=87"},"modified":"2025-03-12T13:21:23","modified_gmt":"2025-03-12T12:21:23","slug":"srazy-2001","status":"publish","type":"page","link":"https:\/\/mx5klub.cz\/index.php\/kalendar\/srazy-2001\/","title":{"rendered":"Srazy 2001"},"content":{"rendered":"\n<p>27. a\u017e 29. dubna<br>Kutn\u00e1 Hora \/ Ji\u0159\u00ed L\u00e1\u0161a<\/p>\n\n\n\n<p>25. a 26. kv\u011btna<br>\u0160pindler\u016f Ml\u00fdn, \u010cesk\u00fd r\u00e1j \/ Pra\u017esk\u00fd t\u00fdm<\/p>\n\n\n\n<p>14. a\u017e 16. z\u00e1\u0159\u00ed<br>Brno \/ Zde\u0148ka a Michal Klempovi<\/p>\n\n\n\n<p>listopad &#8211; prosinec<br>z\u00e1mek \u0160ti\u0159\u00edn, p\u0159edv\u00e1no\u010dn\u00ed setk\u00e1n\u00ed \/ Richard Klatovsk\u00fd<\/p>\n","protected":false},"excerpt":{"rendered":"<p>27. a\u017e 29. dubnaKutn\u00e1 Hora \/ Ji\u0159\u00ed L\u00e1\u0161a 25. a 26. kv\u011btna\u0160pindler\u016f Ml\u00fdn, \u010cesk\u00fd r\u00e1j \/ Pra\u017esk\u00fd t\u00fdm 14. a\u017e 16. z\u00e1\u0159\u00edBrno \/ Zde\u0148ka a Michal Klempovi listopad &#8211; prosinecz\u00e1mek \u0160ti\u0159\u00edn, p\u0159edv\u00e1no\u010dn\u00ed setk\u00e1n\u00ed \/ Richard Klatovsk\u00fd<\/p>\n","protected":false},"author":2,"featured_media":0,"parent":2,"menu_order":48,"comment_status":"closed","ping_status":"closed","template":"","meta":{"footnotes":""},"class_list":["post-87","page","type-page","status-publish","hentry"],"_links":{"self":[{"href":"https:\/\/mx5klub.cz\/index.php\/wp-json\/wp\/v2\/pages\/87","targetHints":{"allow":["GET"]}}],"collection":[{"href":"https:\/\/mx5klub.cz\/index.php\/wp-json\/wp\/v2\/pages"}],"about":[{"href":"https:\/\/mx5klub.cz\/index.php\/wp-json\/wp\/v2\/types\/page"}],"author":[{"embeddable":true,"href":"https:\/\/mx5klub.cz\/index.php\/wp-json\/wp\/v2\/users\/2"}],"replies":[{"embeddable":true,"href":"https:\/\/mx5klub.cz\/index.php\/wp-json\/wp\/v2\/comments?post=87"}],"version-history":[{"count":1,"href":"https:\/\/mx5klub.cz\/index.php\/wp-json\/wp\/v2\/pages\/87\/revisions"}],"predecessor-version":[{"id":88,"href":"https:\/\/mx5klub.cz\/index.php\/wp-json\/wp\/v2\/pages\/87\/revisions\/88"}],"up":[{"embeddable":true,"href":"https:\/\/mx5klub.cz\/index.php\/wp-json\/wp\/v2\/pages\/2"}],"wp:attachment":[{"href":"https:\/\/mx5klub.cz\/index.php\/wp-json\/wp\/v2\/media?parent=87"}],"curies":[{"name":"wp","href":"https:\/\/api.w.org\/{rel}","templated":true}]}}