{"id":394,"date":"2026-01-12T03:57:43","date_gmt":"2026-01-12T02:57:43","guid":{"rendered":"https:\/\/mx5klub.cz\/?page_id=394"},"modified":"2026-01-12T04:22:34","modified_gmt":"2026-01-12T03:22:34","slug":"srazy-2025","status":"publish","type":"page","link":"https:\/\/mx5klub.cz\/index.php\/kalendar\/srazy-2025\/","title":{"rendered":"Srazy 2025"},"content":{"rendered":"\n<p><strong>POV\u00c1NO\u010cN\u00cd SETK\u00c1N\u00cd<\/strong><br>m\u00edsto: Hotel Haj\u010dman, \u017d\u010f\u00e1r nad S\u00e1zavou&nbsp;<a href=\"http:\/\/www.hotelhajcman.cz\/\">http:\/\/www.hotelhajcman.cz\/<\/a><br>term\u00edn: 1.-2. \u00fanora 2025 (term\u00edn potvrzen)<br>za\u010d\u00e1tek setk\u00e1n\u00ed: 15:30 hod.<br>po\u0159adatel: v\u00fdbor klubu&nbsp;<a href=\"mailto:mx-5@davson.cz\">mx-5@davson.cz<\/a><br>pozv\u00e1nka:&nbsp;<a href=\"https:\/\/mx5klub.cz\/index.php\/2025\/02\/02\/posledni-tankovani-2024\">https:\/\/mx5klub.cz\/index.php\/2025\/02\/02\/posledni-tankovani-2024<\/a><\/p>\n\n\n\n<p><strong>P\u0158EDJARN\u00cd SETK\u00c1N\u00cd<\/strong><br>m\u00edsto: Novopack\u00e9 sklepy, Nov\u00e1 Paka<br>term\u00edn: 11.\u201313. 4. 2025 (term\u00edn potvrzen)<br>po\u0159adatel: David \u0160\u00edla<br>pozv\u00e1nka:&nbsp;<a href=\"https:\/\/mx5klub.cz\/index.php\/2025\/02\/07\/nova-paka-2025\">https:\/\/mx5klub.cz\/index.php\/2025\/02\/07\/nova-paka-2025<\/a><br>pozv\u00e1nka PDF:&nbsp;<a href=\"https:\/\/mx5klub.cz\/wp-content\/uploads\/2025\/03\/MX-5_Nova_Paka_2025.pdf\">https:\/\/mx5klub.cz\/wp-content\/uploads\/2025\/03\/MX-5_Nova_Paka_2025.pdf<\/a><\/p>\n\n\n\n<p><strong>\u0160umava \u2013 Zadov<\/strong><br>m\u00edsto: Zadov<br>term\u00edn: 2.-4. kv\u011btna 2025 (term\u00edn potvrzen)<br>po\u0159adatel: Zde\u0148ka, Michal, Dana a Zden\u011bk<br>pozv\u00e1nka:&nbsp;<a href=\"https:\/\/mx5klub.cz\/index.php\/2025\/02\/11\/zadov-2025\">https:\/\/mx5klub.cz\/index.php\/2025\/02\/11\/zadov-2025<\/a><br>pozv\u00e1nka PDF:&nbsp;<a href=\"https:\/\/mx5klub.cz\/wp-content\/uploads\/2025\/03\/ZADOV.pdf\">https:\/\/mx5klub.cz\/wp-content\/uploads\/2025\/03\/ZADOV.pdf<\/a><\/p>\n\n\n\n<p><strong>Kada\u0148 II.<\/strong><br>m\u00edsto: Hotel Split Kada\u0148&nbsp;<a href=\"https:\/\/www.resort-split.cz\/cs\/\">https:\/\/www.resort-split.cz\/cs\/<\/a><br>term\u00edn: 13.-15. \u010dervna 2025 (term\u00edn potvrzen)<br>po\u0159adatel: Jirka Ber\u00e1nek<br>pozv\u00e1nka:&nbsp;<a href=\"https:\/\/mx5klub.cz\/index.php\/2025\/02\/03\/kadan-ii-2025\/\">https:\/\/mx5klub.cz\/index.php\/2025\/02\/03\/kadan-ii-2025\/<\/a><br>pozv\u00e1nka PDF:&nbsp;<a href=\"https:\/\/mx5klub.cz\/wp-content\/uploads\/2025\/03\/pozvanka_SRAZ_KADAN_II_2025.pdf\">https:\/\/mx5klub.cz\/wp-content\/uploads\/2025\/03\/pozvanka_SRAZ_KADAN_II_2025.pdf<\/a><\/p>\n\n\n\n<p><strong>Ji\u017en\u00ed \u010cechy II.<\/strong><br>m\u00edsto: Mon\u00ednec<br>term\u00edn: 15.-17. srpna 2025<br>po\u0159adatel: David \u0160\u00edla<\/p>\n\n\n\n<p><strong>Medv\u011bd\u00ed paseka II.<\/strong><br>m\u00edsto: Penzion Medv\u011bd\u00ed paseka&nbsp;<a href=\"http:\/\/www.medvedipaseka.cz\/\">www.medvedipaseka.cz<\/a><br>term\u00edn: 26.-28. z\u00e1\u0159i 2025 (term\u00edn potvrzen)<br>po\u0159adatel: Karel Kalb\u00e1\u010d<\/p>\n\n\n\n<p><strong>V\u00edne\u010dko<\/strong><br>m\u00e9sto: Dion\u00fdsos \u2013 penzion a vinn\u00fd sklep Nov\u00fd \u0160aldorf&nbsp;<a href=\"http:\/\/www.dionysos.cz\/\">http:\/\/www.dionysos.cz\/<\/a><br>term\u00edn: 10.-12. \u0159\u00edjen 2025 (term\u00edn potvrzen)<br>po\u0159adatel: Zde\u0148ka a Michal Klempovi<br>pozv\u00e1nka:&nbsp;<a href=\"https:\/\/mx5klub.cz\/index.php\/2025\/02\/28\/vinecko-2025\/\">https:\/\/mx5klub.cz\/index.php\/2025\/02\/28\/vinecko-2025<\/a><\/p>\n\n\n\n<p><strong>Husa<\/strong><br>m\u00edsto: Hotel Ryt\u00ed\u0159sko<br>term\u00edn: 22.-23. listopadu 2025 (term\u00edn potvrzen)<br>po\u0159adatel: David \u0160\u00edla<\/p>\n\n\n\n<p><\/p>\n","protected":false},"excerpt":{"rendered":"<p>POV\u00c1NO\u010cN\u00cd SETK\u00c1N\u00cdm\u00edsto: Hotel Haj\u010dman, \u017d\u010f\u00e1r nad S\u00e1zavou&nbsp;http:\/\/www.hotelhajcman.cz\/term\u00edn: 1.-2. \u00fanora 2025 (term\u00edn potvrzen)za\u010d\u00e1tek setk\u00e1n\u00ed: 15:30 hod.po\u0159adatel: v\u00fdbor klubu&nbsp;mx-5@davson.czpozv\u00e1nka:&nbsp;https:\/\/mx5klub.cz\/index.php\/2025\/02\/02\/posledni-tankovani-2024 P\u0158EDJARN\u00cd SETK\u00c1N\u00cdm\u00edsto: Novopack\u00e9 sklepy, Nov\u00e1 Pakaterm\u00edn: 11.\u201313. 4. 2025 (term\u00edn potvrzen)po\u0159adatel: David \u0160\u00edlapozv\u00e1nka:&nbsp;https:\/\/mx5klub.cz\/index.php\/2025\/02\/07\/nova-paka-2025pozv\u00e1nka PDF:&nbsp;https:\/\/mx5klub.cz\/wp-content\/uploads\/2025\/03\/MX-5_Nova_Paka_2025.pdf \u0160umava \u2013 Zadovm\u00edsto: Zadovterm\u00edn: 2.-4. kv\u011btna 2025 (term\u00edn potvrzen)po\u0159adatel: &hellip; <a href=\"https:\/\/mx5klub.cz\/index.php\/kalendar\/srazy-2025\/\">Cel\u00fd p\u0159\u00edsp\u011bvek <span class=\"meta-nav\">&rarr;<\/span><\/a><\/p>\n","protected":false},"author":3,"featured_media":0,"parent":2,"menu_order":23,"comment_status":"closed","ping_status":"closed","template":"","meta":{"footnotes":""},"class_list":["post-394","page","type-page","status-publish","hentry"],"_links":{"self":[{"href":"https:\/\/mx5klub.cz\/index.php\/wp-json\/wp\/v2\/pages\/394","targetHints":{"allow":["GET"]}}],"collection":[{"href":"https:\/\/mx5klub.cz\/index.php\/wp-json\/wp\/v2\/pages"}],"about":[{"href":"https:\/\/mx5klub.cz\/index.php\/wp-json\/wp\/v2\/types\/page"}],"author":[{"embeddable":true,"href":"https:\/\/mx5klub.cz\/index.php\/wp-json\/wp\/v2\/users\/3"}],"replies":[{"embeddable":true,"href":"https:\/\/mx5klub.cz\/index.php\/wp-json\/wp\/v2\/comments?post=394"}],"version-history":[{"count":2,"href":"https:\/\/mx5klub.cz\/index.php\/wp-json\/wp\/v2\/pages\/394\/revisions"}],"predecessor-version":[{"id":398,"href":"https:\/\/mx5klub.cz\/index.php\/wp-json\/wp\/v2\/pages\/394\/revisions\/398"}],"up":[{"embeddable":true,"href":"https:\/\/mx5klub.cz\/index.php\/wp-json\/wp\/v2\/pages\/2"}],"wp:attachment":[{"href":"https:\/\/mx5klub.cz\/index.php\/wp-json\/wp\/v2\/media?parent=394"}],"curies":[{"name":"wp","href":"https:\/\/api.w.org\/{rel}","templated":true}]}}