{"id":380,"date":"2026-01-12T02:56:37","date_gmt":"2026-01-12T01:56:37","guid":{"rendered":"https:\/\/mx5klub.cz\/?page_id=380"},"modified":"2026-03-06T22:42:24","modified_gmt":"2026-03-06T21:42:24","slug":"srazy-2026","status":"publish","type":"page","link":"https:\/\/mx5klub.cz\/index.php\/srazy-2026\/","title":{"rendered":"Srazy 2026"},"content":{"rendered":"\n<p style=\"font-size:25px\"><strong>Pl\u00e1novan\u00e9 term\u00edny akc\u00ed klubu MX-5 na rok 202<\/strong>6<\/p>\n\n\n\n<p><strong>Pov\u00e1no\u010dn\u00ed setk\u00e1n\u00ed<\/strong><br>term\u00edn: 10. \u2013 11. 1. 2026 (term\u00edn potvrzen)<br>po\u0159adatel: David \u0160\u00edla<\/p>\n\n\n\n<p><strong>P\u0158EDJARN\u00cd SETK\u00c1N\u00cd<\/strong> <strong>&#8211; Hlubok\u00e1 nad Vltavou<\/strong> <a href=\"https:\/\/forms.office.com\/e\/YWhWgUrNAq\"><\/a><a href=\"https:\/\/forms.office.com\/e\/YWhWgUrNAq\">registrace Hlubok\u00e1 2026\u00a0<\/a><br>m\u00edsto: Hotel Z\u00e1vi\u0161 v Hlubok\u00e9 nad Vltavou <a href=\"https:\/\/www.hotelzavis.cz\/\">www.hotelzavis.cz<\/a> <br>term\u00edn: 17. \u2013 19. 4. 2026 (term\u00edn potvrzen)<br>po\u0159adatel: David \u0160\u00edla<\/p>\n\n\n\n<p><strong>PRVN\u00cd JARN\u00cd SRAZ \u2013 Plze\u0148sko<\/strong>     <a href=\"https:\/\/mx5klub.cz\/wp-admin\/post.php?post=410&amp;action=edit\">\u201cPURKMISTR 2026 \u2013 Prvn\u00ed jarn\u00ed sraz\u201d<\/a><br>m\u00edsto: Hotel Purkmistr <a href=\"https:\/\/www.purkmistr.cz\/\">Homepage | Hotel Purkmistr<\/a><br>term\u00edn: 8.-10. kv\u011btna 2026 (term\u00edn potvrzen)<br>po\u0159adatel: Jan C\u00edrl + Ji\u0159\u00ed Ber\u00e1nek<\/p>\n\n\n\n<p><strong>Val\u00e1\u0161k\u016fv Grunt<\/strong><br>m\u00edsto: Hotel Val\u00e1\u0161k\u016fv Grunt &nbsp;<a href=\"https:\/\/www.sport-hotel.cz\/\"><\/a><a href=\"https:\/\/www.valaskuvgrunt.eu\/\">Hotel Val\u00e1\u0161k\u016fv Grunt \u2013 ubytov\u00e1ni na grunt\u011b pod Bouzovem<\/a><br>term\u00edn: 12.-14. \u010dervna 2026 (term\u00edn potvrzen)<br>po\u0159adatel: Zdena a Michal Klempovi<\/p>\n\n\n\n<p><strong>Ji\u017en\u00ed \u010cechy<\/strong><br>m\u00edsto: Ji\u017en\u00ed \u010cechy<br>term\u00edn: 14.-16. srpna 2026<br>po\u0159adatel: David \u0160\u00edla<\/p>\n\n\n\n<p><strong>Medv\u011bd\u00ed paseka<\/strong><br>m\u00edsto: Penzion Medv\u011bd\u00ed paseka&nbsp;<a href=\"http:\/\/www.medvedipaseka.cz\/\">www.medvedipaseka.cz<\/a><br>term\u00edn: 18.-20. z\u00e1\u0159i 2026 (term\u00edn potvrzen)<br>po\u0159adatel: Kafrel Kalb\u00e1\u010d<\/p>\n\n\n\n<p><strong>Husa<\/strong><br>m\u00edsto: Hotel Ryt\u00ed\u0159sko<br>term\u00edn: 7.-8. listopadu 2026<br>po\u0159adatel: David \u0160\u00edla<\/p>\n\n\n\n<p><strong>POV\u00c1NO\u010cN\u00cd SETK\u00c1N\u00cd<\/strong><br>m\u00edsto: Hotel Haj\u010dman, \u017d\u010f\u00e1r nad S\u00e1zavou&nbsp;<a href=\"http:\/\/www.hotelhajcman.cz\/\">http:\/\/www.hotelhajcman.cz\/<\/a><br>term\u00edn: 16.-17. ledna 2027<br>za\u010d\u00e1tek setk\u00e1n\u00ed: 15:30 hod.<br>po\u0159adatel: v\u00fdbor klubu&nbsp;<a href=\"mailto:mx-5@davson.cz\">mx-5@davson.cz<\/a><\/p>\n","protected":false},"excerpt":{"rendered":"<p>Pl\u00e1novan\u00e9 term\u00edny akc\u00ed klubu MX-5 na rok 2026 Pov\u00e1no\u010dn\u00ed setk\u00e1n\u00edterm\u00edn: 10. \u2013 11. 1. 2026 (term\u00edn potvrzen)po\u0159adatel: David \u0160\u00edla P\u0158EDJARN\u00cd SETK\u00c1N\u00cd &#8211; Hlubok\u00e1 nad Vltavou registrace Hlubok\u00e1 2026\u00a0m\u00edsto: Hotel Z\u00e1vi\u0161 v Hlubok\u00e9 nad Vltavou www.hotelzavis.cz term\u00edn: 17. \u2013 19. 4. &hellip; <a href=\"https:\/\/mx5klub.cz\/index.php\/srazy-2026\/\">Cel\u00fd p\u0159\u00edsp\u011bvek <span class=\"meta-nav\">&rarr;<\/span><\/a><\/p>\n","protected":false},"author":3,"featured_media":0,"parent":0,"menu_order":1,"comment_status":"closed","ping_status":"closed","template":"","meta":{"footnotes":""},"class_list":["post-380","page","type-page","status-publish","hentry"],"_links":{"self":[{"href":"https:\/\/mx5klub.cz\/index.php\/wp-json\/wp\/v2\/pages\/380","targetHints":{"allow":["GET"]}}],"collection":[{"href":"https:\/\/mx5klub.cz\/index.php\/wp-json\/wp\/v2\/pages"}],"about":[{"href":"https:\/\/mx5klub.cz\/index.php\/wp-json\/wp\/v2\/types\/page"}],"author":[{"embeddable":true,"href":"https:\/\/mx5klub.cz\/index.php\/wp-json\/wp\/v2\/users\/3"}],"replies":[{"embeddable":true,"href":"https:\/\/mx5klub.cz\/index.php\/wp-json\/wp\/v2\/comments?post=380"}],"version-history":[{"count":11,"href":"https:\/\/mx5klub.cz\/index.php\/wp-json\/wp\/v2\/pages\/380\/revisions"}],"predecessor-version":[{"id":460,"href":"https:\/\/mx5klub.cz\/index.php\/wp-json\/wp\/v2\/pages\/380\/revisions\/460"}],"wp:attachment":[{"href":"https:\/\/mx5klub.cz\/index.php\/wp-json\/wp\/v2\/media?parent=380"}],"curies":[{"name":"wp","href":"https:\/\/api.w.org\/{rel}","templated":true}]}}