{"id":3,"date":"2025-02-28T13:33:06","date_gmt":"2025-02-28T12:33:06","guid":{"rendered":"http:\/\/mx5klub.cz\/?page_id=3"},"modified":"2025-03-01T08:20:12","modified_gmt":"2025-03-01T07:20:12","slug":"onas","status":"publish","type":"page","link":"https:\/\/mx5klub.cz\/index.php\/onas\/","title":{"rendered":"O klubu"},"content":{"rendered":"\n<h2 class=\"wp-block-heading\">P\u00e1r slov o na\u0161\u00ed part\u011b nad\u0161enc\u016f do MX-5<\/h2>\n\n\n\n<p>Kdo jsme?<br>Spojuje n\u00e1s nad\u0161en\u00ed z neopakovateln\u00fdch z\u00e1\u017eitk\u016f, kter\u00e9 n\u00e1m nab\u00edz\u00ed ka\u017ed\u00e1 j\u00edzda v \u201emx p\u011btce\u201c. Toto auto je naprosto jedine\u010dn\u00e9 a ka\u017ed\u00e9mu pravov\u011brn\u00e9mu \u0159idi\u010di i spolujezdci zprost\u0159edkuje maxim\u00e1ln\u00ed kontakt se silnic\u00ed i s prost\u0159ed\u00edm, ve kter\u00e9m se pr\u00e1v\u011b nach\u00e1z\u00ed. Je jedno, kolik je V\u00e1m rok\u016f, je jedno, zda je l\u00e9to nebo zima. Ka\u017ed\u00fd si najde to sv\u00e9, a\u0165 se jen koch\u00e1te krajinou nebo zkou\u0161\u00edte sv\u00e9 mo\u017enosti i limity auta n\u011bkde na okruhu.<br>Pr\u00e1v\u011b na\u0161e neform\u00e1ln\u00ed sdru\u017een\u00ed \u2013 MX-5 klub \u010cesk\u00e1 Republika, na jeho\u017e str\u00e1nk\u00e1ch se pr\u00e1v\u011b nach\u00e1z\u00edte, je spole\u010dn\u00fdm z\u00e1kladem pro sd\u00edlen\u00ed informac\u00ed a pro pl\u00e1nov\u00e1n\u00ed spole\u010dn\u00fdch akc\u00ed. Ka\u017ed\u00fd z n\u00e1s, kte\u0159\u00ed jsme se zapojili, se chce v n\u011bjak\u00e9 form\u011b i pod\u011blit o z\u00e1\u017eitky, kter\u00e9 jsou v \u201emx p\u011btce\u201c v\u017edy doslova na dosah ruky a je jedno, zda se jedn\u00e1 o generaci NA, NB, NC \u010di ND.<\/p>\n\n\n\n<p>Sch\u00e1z\u00edme se na spole\u010dn\u00fdch akc\u00edch n\u011bkolikr\u00e1t ro\u010dn\u011b \u2013 poka\u017ed\u00e9 p\u0159ijede 15 a\u017e 30 pos\u00e1dek. Jednotliv\u00e9 srazy a spanil\u00e9 j\u00edzdy jsou zaji\u0161\u0165ov\u00e1ny a organizov\u00e1ny \u201edobrovoln\u00edky\u201c z na\u0161ich \u0159ad, kte\u0159\u00ed n\u00e1m tak umo\u017e\u0148uj\u00ed pozn\u00e1vat r\u016fzn\u00e1 z\u00e1kout\u00ed nejen na\u0161\u00ed kr\u00e1sn\u00e9 vlasti, ale tak\u00e9 i v zahrani\u010d\u00ed. V\u017edy se jedn\u00e1 o v\u00fdb\u011br toho nejzaj\u00edmav\u011bj\u0161\u00edho a nejlep\u0161\u00edch tras a silnic, kter\u00e9 bychom jinak mo\u017en\u00e1 ani nikdy nenav\u0161t\u00edvili. Pro ty, kte\u0159\u00ed maj\u00ed ambice pom\u011b\u0159it sv\u00e9 s\u00edly a cht\u011bj\u00ed vyzkou\u0161et naplno j\u00edzdn\u00ed vlastnosti i sebe, je tu potom Miata Cup.<\/p>\n\n\n\n<p>Ka\u017ed\u00fd z n\u00e1s je trochu jin\u00e9ho zam\u011b\u0159en\u00ed, povol\u00e1n\u00ed, postaven\u00ed i v\u011bku, ale v\u0161echny n\u00e1s bez ohledu na pohlav\u00ed a st\u00e1tn\u00ed p\u0159\u00edslu\u0161nost spojuje pozn\u00e1n\u00ed a nad\u0161en\u00ed pod heslem:<br>&#8222;Pozn\u00e1v\u00e1me sv\u011bt s Mazdou MX-5 !!!&#8220;<\/p>\n\n\n\n<p>Odkud se bereme?<br>Trocha historie \u2013 prvn\u00ed setk\u00e1n\u00ed se uskute\u010dnilo u\u017e v roce 1999 a od roku 2000 se ji\u017e sch\u00e1z\u00edme pravideln\u011b. Od prvopo\u010d\u00e1tku na\u0161e \u0159ady tvo\u0159\u00ed majitel\u00e9 a p\u0159\u00edznivci Mazdy MX-5 z cel\u00e9 \u010cesk\u00e9 republiky \u2013 doslova od Chebu po Ostravu. Na\u0161e spole\u010dn\u00e9 akce maj\u00ed neopakovatelnou atmosf\u00e9ru kamar\u00e1dstv\u00ed a mnohdy byly a jsou z\u00e1kladem i pro nav\u00e1z\u00e1n\u00ed osobn\u00edho p\u0159\u00e1telstv\u00ed, kter\u00e9 by jinak nebylo mo\u017en\u00e9. Na\u0161ich akc\u00ed se tak\u00e9 ob\u010das \u00fa\u010dastn\u00ed i b\u00fdval\u00ed aktivn\u00ed p\u0159\u00edznivci, kter\u00fdm jejich \u017eivotn\u00ed situace v sou\u010dasn\u00e9 dob\u011b t\u0159eba neumo\u017e\u0148uje provozovat \u201emx p\u011btku\u201c (d\u011bti, pr\u00e1ce atp.), ale cht\u011bj\u00ed alespo\u0148 na chv\u00edli nas\u00e1t pozitivn\u00ed energii, kter\u00e1 na\u0161e setk\u00e1v\u00e1n\u00ed v\u017edy doprov\u00e1z\u00ed.<br>Ke st\u00e1l\u00fdm tak\u0159ka \u201ekmenov\u00fdm\u201c \u010dlen\u016fm na\u0161eho spole\u010denstv\u00ed (cca 50 aktivn\u00edch pos\u00e1dek) ka\u017ed\u00fd rok p\u0159ib\u00fdvaj\u00ed nov\u00ed, kte\u0159\u00ed se v\u011bt\u0161inou postupn\u011b tak\u00e9 zapoj\u00ed do na\u0161ich aktivit. N\u011bkdy se jedn\u00e1 tak\u00e9 o p\u0159\u00edznivce zna\u010dky, kte\u0159\u00ed teprve pl\u00e1nuj\u00ed koupi Mazdy MX-5 a cht\u011bj\u00ed tak z\u00edskat a zprost\u0159edkovat z\u00e1kladn\u00ed informace o aut\u011b, jeho technice i o jeho provozu. V\u0161ichni takov\u00ed jsou v\u00edt\u00e1n\u00ed \u2013 r\u00e1di se pod\u011bl\u00edme o na\u0161e z\u00e1\u017eitky i zku\u0161enosti.<\/p>\n\n\n\n<p>Kam sm\u011b\u0159ujeme?<br>Tak\u00e9 s podporou t\u011bchto webov\u00fdch str\u00e1nek chceme oslovit v\u0161echny p\u0159\u00edznivce, aby se spolupod\u00edleli na na\u0161\u00ed dal\u0161\u00ed \u010dinnosti a \u00fa\u010dastnili se aktivit, kter\u00e9 nab\u00edz\u00edme. Na\u0161e komunita se st\u00e1le rozv\u00edj\u00ed a st\u00e1le hled\u00e1me n\u011bco nov\u00e9ho a dosud nepoznan\u00e9ho. Klasik sice \u0159\u00edk\u00e1, \u017ee nejkr\u00e1sn\u011bj\u0161\u00ed pohled na sv\u011bt je ze h\u0159betu kon\u011b \u2013 ale pro n\u00e1s je to tak\u00e9 j\u00edzda s v\u011btrem ve vlasech!<br>s pozdravem BLUE SKY<\/p>\n","protected":false},"excerpt":{"rendered":"<p>P\u00e1r slov o na\u0161\u00ed part\u011b nad\u0161enc\u016f do MX-5 Kdo jsme?Spojuje n\u00e1s nad\u0161en\u00ed z neopakovateln\u00fdch z\u00e1\u017eitk\u016f, kter\u00e9 n\u00e1m nab\u00edz\u00ed ka\u017ed\u00e1 j\u00edzda v \u201emx p\u011btce\u201c. Toto auto je naprosto jedine\u010dn\u00e9 a ka\u017ed\u00e9mu pravov\u011brn\u00e9mu \u0159idi\u010di i spolujezdci zprost\u0159edkuje maxim\u00e1ln\u00ed kontakt se silnic\u00ed i &hellip; <a href=\"https:\/\/mx5klub.cz\/index.php\/onas\/\">Cel\u00fd p\u0159\u00edsp\u011bvek <span class=\"meta-nav\">&rarr;<\/span><\/a><\/p>\n","protected":false},"author":1,"featured_media":0,"parent":0,"menu_order":0,"comment_status":"closed","ping_status":"open","template":"","meta":{"footnotes":""},"class_list":["post-3","page","type-page","status-publish","hentry"],"_links":{"self":[{"href":"https:\/\/mx5klub.cz\/index.php\/wp-json\/wp\/v2\/pages\/3","targetHints":{"allow":["GET"]}}],"collection":[{"href":"https:\/\/mx5klub.cz\/index.php\/wp-json\/wp\/v2\/pages"}],"about":[{"href":"https:\/\/mx5klub.cz\/index.php\/wp-json\/wp\/v2\/types\/page"}],"author":[{"embeddable":true,"href":"https:\/\/mx5klub.cz\/index.php\/wp-json\/wp\/v2\/users\/1"}],"replies":[{"embeddable":true,"href":"https:\/\/mx5klub.cz\/index.php\/wp-json\/wp\/v2\/comments?post=3"}],"version-history":[{"count":1,"href":"https:\/\/mx5klub.cz\/index.php\/wp-json\/wp\/v2\/pages\/3\/revisions"}],"predecessor-version":[{"id":17,"href":"https:\/\/mx5klub.cz\/index.php\/wp-json\/wp\/v2\/pages\/3\/revisions\/17"}],"wp:attachment":[{"href":"https:\/\/mx5klub.cz\/index.php\/wp-json\/wp\/v2\/media?parent=3"}],"curies":[{"name":"wp","href":"https:\/\/api.w.org\/{rel}","templated":true}]}}