{"id":219,"date":"2025-03-12T13:00:35","date_gmt":"2025-03-12T12:00:35","guid":{"rendered":"https:\/\/mx5klub.cz\/?page_id=219"},"modified":"2025-03-12T13:25:14","modified_gmt":"2025-03-12T12:25:14","slug":"srazy-2024","status":"publish","type":"page","link":"https:\/\/mx5klub.cz\/index.php\/kalendar\/srazy-2024\/","title":{"rendered":"Srazy 2024"},"content":{"rendered":"\n<p><strong>SPOLE\u010cN\u00dd LEDNOV\u00dd OB\u011aD &#8211; VE\u010cE\u0158E<\/strong><br>m\u00edsto: pivnice Kolkovna, Bud\u011bjovick\u00e1<br>term\u00edn: 27.1.2024 od 16.oo hodin<br>po\u0159adatel: David \u0160\u00edla<br>pozv\u00e1nka: <a href=\"https:\/\/mx-5klub.cz\/node\/310\">https:\/\/mx-5klub.cz\/node\/310<\/a><\/p>\n\n\n\n<p><strong>P\u0158EDJARN\u00cd SETK\u00c1N\u00cd<\/strong><br>m\u00edsto: Humpolec, Penzion R\u016f\u017ee <a href=\"https:\/\/www.penzion-ruze.cz\/\">https:\/\/www.penzion-ruze.cz\/<\/a><br>term\u00edn: 5. \u2013 7. 4. 2024 (term\u00edn potvrzen)<br>po\u0159adatel: David \u0160\u00edla<br>pozv\u00e1nka: <a href=\"https:\/\/mx-5klub.cz\/node\/312\">https:\/\/mx-5klub.cz\/node\/312<\/a><\/p>\n\n\n\n<p><strong>PRVN\u00cd JARN\u00cd SRAZ &#8211; KRASKOV<\/strong><br>m\u00edsto: EA Active Resort Kraskov <a href=\"https:\/\/www.hotelkraskov.cz\/\">https:\/\/www.hotelkraskov.cz\/<\/a><br>term\u00edn: 3.-5. kv\u011btna 2024 (term\u00edn potvrzen)<br>po\u0159adatel: Lucka a Libor \u0160lechtovi<br>pozv\u00e1nka: <a href=\"https:\/\/mx5klub.cz\/wp-content\/uploads\/2025\/03\/2024_Zelezne_hory.pdf\">https:\/\/mx5klub.cz\/wp-content\/uploads\/2025\/03\/2024_Zelezne_hory.pdf<\/a><\/p>\n\n\n\n<p><strong>K\u00c1COV<\/strong><br>m\u00edsto: Sporthotel K\u00e1cov <a href=\"https:\/\/www.sport-hotel.cz\/\">https:\/\/www.sport-hotel.cz\/<\/a><br>term\u00edn: 17.-19. kv\u011btna 2024 (term\u00edn potvrzen)<br>po\u0159adatel: Libor Novotn\u00fd<br>pozv\u00e1nka: <a href=\"https:\/\/mx5klub.cz\/wp-content\/uploads\/2025\/03\/2024__KACOV.pdf\">https:\/\/mx5klub.cz\/wp-content\/uploads\/2025\/03\/2024__KACOV.pdf<\/a><\/p>\n\n\n\n<p><strong>KO\u0158ENOV<\/strong><br>m\u00edsto: Hotel P\u0159\u00edchovice, Ko\u0159enov \u2013 P\u0159\u00edchovice 600 <a href=\"https:\/\/hotelprichovice.cz\/\">https:\/\/hotelprichovice.cz\/<\/a><br>term\u00edn: 7.-9. \u010dervna 2024 (term\u00edn potvrzen)<br>po\u0159adatel: Lenka a Ondra Vl\u00e1\u0161kovi<br>pozv\u00e1nka: <a href=\"https:\/\/mx5klub.cz\/wp-content\/uploads\/2025\/03\/2024_Korenov.pdf\">https:\/\/mx5klub.cz\/wp-content\/uploads\/2025\/03\/2024_Korenov.pdf<\/a><\/p>\n\n\n\n<p><strong>Ji\u017en\u00ed \u010cechy<\/strong><br>m\u00edsto: Hotel Lucia <a href=\"https:\/\/www.hotel-lucia.cz\/\">https:\/\/www.hotel-lucia.cz\/<\/a><br>term\u00edn: 16.-18. srpna 2024<br>po\u0159adatel: David \u0160\u00edla<br>pozv\u00e1nka: <a href=\"https:\/\/mx-5klub.cz\/node\/317\">https:\/\/mx-5klub.cz\/node\/317<\/a><\/p>\n\n\n\n<p><strong>Kru\u0161n\u00e9 Hory<\/strong><br>m\u00edsto: Hotel Split Kada\u0148 <a href=\"https:\/\/www.resort-split.cz\/cs\/\">https:\/\/www.resort-split.cz\/cs\/<\/a><br>term\u00edn: 13.-15. z\u00e1\u0159\u00ed 2024<br>po\u0159adatel: Jirka Ber\u00e1nek<br>pozv\u00e1nka: <a href=\"https:\/\/mx5klub.cz\/wp-content\/uploads\/2025\/03\/2024_KADAN.pdf\">https:\/\/mx5klub.cz\/wp-content\/uploads\/2025\/03\/2024_KADAN.pdf<\/a><\/p>\n\n\n\n<p><strong>Medv\u011bd\u00ed paseka<\/strong><br>m\u00edsto: Penzion Medv\u011bd\u00ed paseka <a href=\"http:\/\/www.medvedipaseka.cz\">www.medvedipaseka.cz<\/a><br>term\u00edn: 27.-29. z\u00e1\u0159i 2024<br>po\u0159adatel: Zde\u0148ka a Michal Klempovi<\/p>\n\n\n\n<p><strong>Slovensk\u00fd Grob<\/strong><br>m\u00edsto: Penzion Grobsk\u00fd dvor, Slovensk\u00fd Grob <a href=\"http:\/\/www.grobskydvor.sk\">www.grobskydvor.sk<\/a><br>term\u00edn: 11.-13. \u0159\u00edjna 2024 (term\u00edn je\u0161t\u011b nen\u00ed potvrzen)<br>po\u0159adatel: David \u0160\u00edla + Zde\u0148ka a Michal Klempovi<br>pozv\u00e1nka: <a href=\"https:\/\/mx5klub.cz\/wp-content\/uploads\/2025\/03\/2024_Husicka.pdf\">https:\/\/mx5klub.cz\/wp-content\/uploads\/2025\/03\/2024_Husicka.pdf<\/a><\/p>\n\n\n\n<p><strong>P\u0159edv\u00e1no\u010dn\u00ed kachna<\/strong><br>m\u00edsto: Horse Farm Lechovice, <a href=\"https:\/\/www.horsefarmlechovice.cz\/\">https:\/\/www.horsefarmlechovice.cz\/<\/a><br>term\u00edn: 7.-8. prosince 2024<br>po\u0159adatel: David \u0160\u00edla a Michal Klempa<\/p>\n\n\n\n<p><strong>POV\u00c1NO\u010cN\u00cd SETK\u00c1N\u00cd<\/strong><br>m\u00edsto: Hotel Haj\u010dman, \u017d\u010f\u00e1r nad S\u00e1zavou <a href=\"http:\/\/www.hotelhajcman.cz\/\">http:\/\/www.hotelhajcman.cz\/<\/a><br>term\u00edn: 1.-2. \u00fanora 2025 (term\u00edn potvrzen)<br>za\u010d\u00e1tek setk\u00e1n\u00ed: 15:30 hod.<br>po\u0159adatel: v\u00fdbor klubu <a href=\"mailto:mx-5@davson.cz\">mx-5@davson.cz<\/a><\/p>\n","protected":false},"excerpt":{"rendered":"<p>SPOLE\u010cN\u00dd LEDNOV\u00dd OB\u011aD &#8211; VE\u010cE\u0158Em\u00edsto: pivnice Kolkovna, Bud\u011bjovick\u00e1term\u00edn: 27.1.2024 od 16.oo hodinpo\u0159adatel: David \u0160\u00edlapozv\u00e1nka: https:\/\/mx-5klub.cz\/node\/310 P\u0158EDJARN\u00cd SETK\u00c1N\u00cdm\u00edsto: Humpolec, Penzion R\u016f\u017ee https:\/\/www.penzion-ruze.cz\/term\u00edn: 5. \u2013 7. 4. 2024 (term\u00edn potvrzen)po\u0159adatel: David \u0160\u00edlapozv\u00e1nka: https:\/\/mx-5klub.cz\/node\/312 PRVN\u00cd JARN\u00cd SRAZ &#8211; KRASKOVm\u00edsto: EA Active Resort Kraskov &hellip; <a href=\"https:\/\/mx5klub.cz\/index.php\/kalendar\/srazy-2024\/\">Cel\u00fd p\u0159\u00edsp\u011bvek <span class=\"meta-nav\">&rarr;<\/span><\/a><\/p>\n","protected":false},"author":2,"featured_media":0,"parent":2,"menu_order":25,"comment_status":"closed","ping_status":"closed","template":"","meta":{"footnotes":""},"class_list":["post-219","page","type-page","status-publish","hentry"],"_links":{"self":[{"href":"https:\/\/mx5klub.cz\/index.php\/wp-json\/wp\/v2\/pages\/219","targetHints":{"allow":["GET"]}}],"collection":[{"href":"https:\/\/mx5klub.cz\/index.php\/wp-json\/wp\/v2\/pages"}],"about":[{"href":"https:\/\/mx5klub.cz\/index.php\/wp-json\/wp\/v2\/types\/page"}],"author":[{"embeddable":true,"href":"https:\/\/mx5klub.cz\/index.php\/wp-json\/wp\/v2\/users\/2"}],"replies":[{"embeddable":true,"href":"https:\/\/mx5klub.cz\/index.php\/wp-json\/wp\/v2\/comments?post=219"}],"version-history":[{"count":1,"href":"https:\/\/mx5klub.cz\/index.php\/wp-json\/wp\/v2\/pages\/219\/revisions"}],"predecessor-version":[{"id":225,"href":"https:\/\/mx5klub.cz\/index.php\/wp-json\/wp\/v2\/pages\/219\/revisions\/225"}],"up":[{"embeddable":true,"href":"https:\/\/mx5klub.cz\/index.php\/wp-json\/wp\/v2\/pages\/2"}],"wp:attachment":[{"href":"https:\/\/mx5klub.cz\/index.php\/wp-json\/wp\/v2\/media?parent=219"}],"curies":[{"name":"wp","href":"https:\/\/api.w.org\/{rel}","templated":true}]}}