{"id":202,"date":"2025-03-12T12:43:16","date_gmt":"2025-03-12T11:43:16","guid":{"rendered":"https:\/\/mx5klub.cz\/?page_id=202"},"modified":"2025-03-12T13:24:54","modified_gmt":"2025-03-12T12:24:54","slug":"srazy-2021","status":"publish","type":"page","link":"https:\/\/mx5klub.cz\/index.php\/kalendar\/srazy-2021\/","title":{"rendered":"Srazy 2021"},"content":{"rendered":"\n<p><strong>POZDN\u00cd JARN\u00cd SRAZ &#8211; Slapy<\/strong><br>m\u00edsto: hotel \u0160tamberk, Prav\u011btice 19, Na\u010deradec <a href=\"https:\/\/hotelstamberk.cz\/cs\/\">https:\/\/hotelstamberk.cz\/cs\/<\/a><br>term\u00edn: 18.-20. \u010dervna 2021 (term\u00edn potvrzen)<br>po\u0159adatel: Romana a Libor Neuberg<br>pozv\u00e1nka: <a href=\"https:\/\/mx5klub.cz\/wp-content\/uploads\/2025\/03\/2021_Slapy.pdf\">https:\/\/mx5klub.cz\/wp-content\/uploads\/2025\/03\/2021_Slapy.pdf<\/a><\/p>\n\n\n\n<p><strong>Chodskem na \u0160umavu a zp\u011bt s Mazdou MX-5<\/strong><br>m\u00edsto: Klen\u010d\u00ed pod \u010cerchovem<br>term\u00edn: 27.-29. srpna 2021 (term\u00edn potvrzen)<br>po\u0159adatel: Ivana a Ivan Mare\u0161<br>pozv\u00e1nka: <a href=\"https:\/\/mx5klub.cz\/wp-content\/uploads\/2025\/03\/2021_Chodskem_na_Sumavu.pdf\">https:\/\/mx5klub.cz\/wp-content\/uploads\/2025\/03\/2021_Chodskem_na_Sumavu.pdf<\/a><\/p>\n\n\n\n<p><strong>V\u00edne\u010dko<\/strong><br>m\u00edsto: vinn\u00e9 sklepy Kr\u00fdsa (u Kyjova) <a href=\"http:\/\/www.vinnysklepkrysa.cz\">www.vinnysklepkrysa.cz<\/a><br>term\u00edn: 1.-3. \u0159\u00edjna 2021 (term\u00edn potvrzen)<br>po\u0159adatel: Zde\u0148ka a Michal Klempa<br>pozv\u00e1nka: <a href=\"https:\/\/mx5klub.cz\/wp-content\/uploads\/2025\/03\/2021_Vinecko_Krysa.pdf\">https:\/\/mx5klub.cz\/wp-content\/uploads\/2025\/03\/2021_Vinecko_Krysa.pdf<\/a><\/p>\n\n\n\n<p><strong>HUSA<\/strong><br>m\u00edsto: Ryt\u00ed\u0159sko 156 Jamn\u00e9, <a href=\"http:\/\/www.hotelrytirsko.cz\">www.hotelrytirsko.cz<\/a><br>term\u00edn: 6.-7. listopadu 2021 (term\u00edn potvrzen)<br>po\u0159adatel: David \u0160\u00edla <a href=\"mailto:mx-5@davson.cz\">mx-5@davson.cz<\/a><br>pozv\u00e1nka: <a href=\"https:\/\/mx5klub.cz\/wp-content\/uploads\/2025\/03\/2021_Rytirsko_Husa.pdf\">https:\/\/mx5klub.cz\/wp-content\/uploads\/2025\/03\/2021_Rytirsko_Husa.pdf<\/a><\/p>\n\n\n\n<p><strong>P\u0158EDV\u00c1NO\u010cN\u00cd SETK\u00c1N\u00cd &#8211; akce zru\u0161ena<\/strong><br>m\u00edsto:hotel Haj\u010dman, \u017d\u010f\u00e1r nad S\u00e1zavou , <a href=\"http:\/\/www.hotelhajcman.cz\/\">http:\/\/www.hotelhajcman.cz\/<\/a><br>term\u00edn: 4.-5. prosinec 2021 (term\u00edn potvrzen)<br>za\u010d\u00e1tek setk\u00e1n\u00ed: 15:30 hod.<br>po\u0159adatel: v\u00fdbor klubu <a href=\"mailto:mx-5@davson.cz\">mx-5@davson.cz<\/a><\/p>\n","protected":false},"excerpt":{"rendered":"<p>POZDN\u00cd JARN\u00cd SRAZ &#8211; Slapym\u00edsto: hotel \u0160tamberk, Prav\u011btice 19, Na\u010deradec https:\/\/hotelstamberk.cz\/cs\/term\u00edn: 18.-20. \u010dervna 2021 (term\u00edn potvrzen)po\u0159adatel: Romana a Libor Neubergpozv\u00e1nka: https:\/\/mx5klub.cz\/wp-content\/uploads\/2025\/03\/2021_Slapy.pdf Chodskem na \u0160umavu a zp\u011bt s Mazdou MX-5m\u00edsto: Klen\u010d\u00ed pod \u010cerchovemterm\u00edn: 27.-29. srpna 2021 (term\u00edn potvrzen)po\u0159adatel: Ivana a Ivan &hellip; <a href=\"https:\/\/mx5klub.cz\/index.php\/kalendar\/srazy-2021\/\">Cel\u00fd p\u0159\u00edsp\u011bvek <span class=\"meta-nav\">&rarr;<\/span><\/a><\/p>\n","protected":false},"author":2,"featured_media":0,"parent":2,"menu_order":28,"comment_status":"closed","ping_status":"closed","template":"","meta":{"footnotes":""},"class_list":["post-202","page","type-page","status-publish","hentry"],"_links":{"self":[{"href":"https:\/\/mx5klub.cz\/index.php\/wp-json\/wp\/v2\/pages\/202","targetHints":{"allow":["GET"]}}],"collection":[{"href":"https:\/\/mx5klub.cz\/index.php\/wp-json\/wp\/v2\/pages"}],"about":[{"href":"https:\/\/mx5klub.cz\/index.php\/wp-json\/wp\/v2\/types\/page"}],"author":[{"embeddable":true,"href":"https:\/\/mx5klub.cz\/index.php\/wp-json\/wp\/v2\/users\/2"}],"replies":[{"embeddable":true,"href":"https:\/\/mx5klub.cz\/index.php\/wp-json\/wp\/v2\/comments?post=202"}],"version-history":[{"count":1,"href":"https:\/\/mx5klub.cz\/index.php\/wp-json\/wp\/v2\/pages\/202\/revisions"}],"predecessor-version":[{"id":207,"href":"https:\/\/mx5klub.cz\/index.php\/wp-json\/wp\/v2\/pages\/202\/revisions\/207"}],"up":[{"embeddable":true,"href":"https:\/\/mx5klub.cz\/index.php\/wp-json\/wp\/v2\/pages\/2"}],"wp:attachment":[{"href":"https:\/\/mx5klub.cz\/index.php\/wp-json\/wp\/v2\/media?parent=202"}],"curies":[{"name":"wp","href":"https:\/\/api.w.org\/{rel}","templated":true}]}}