{"id":181,"date":"2025-03-12T12:30:34","date_gmt":"2025-03-12T11:30:34","guid":{"rendered":"https:\/\/mx5klub.cz\/?page_id=181"},"modified":"2025-03-12T13:24:40","modified_gmt":"2025-03-12T12:24:40","slug":"srazy-2019","status":"publish","type":"page","link":"https:\/\/mx5klub.cz\/index.php\/kalendar\/srazy-2019\/","title":{"rendered":"Srazy 2019"},"content":{"rendered":"\n<p><strong>SPOLE\u010cN\u00dd LEDNOV\u00dd OB\u011aD &#8211; VE\u010cE\u0158E<\/strong><br>m\u00edsto: Ryt\u00ed\u0159sko 156 Jamn\u00e9, <a href=\"http:\/\/www.hotelrytirsko.cz\">www.hotelrytirsko.cz<\/a><br>term\u00edn: 26.-27. ledna 2019<br>za\u010d\u00e1tek setk\u00e1n\u00ed: 15:00 hod. (salonek bude zaji\u0161t\u011bn od 14.00 hod.)<br>po\u0159adatel: David \u0160\u00edla<br>pozv\u00e1nka: <a href=\"https:\/\/mx5klub.cz\/wp-content\/uploads\/2025\/03\/2019_Rytirsko_lednovy_obed.pdf\">https:\/\/mx5klub.cz\/wp-content\/uploads\/2025\/03\/2019_Rytirsko_lednovy_obed.pdf<\/a><\/p>\n\n\n\n<p><strong>P\u0158EDJARN\u00cd SETK\u00c1N\u00cd &#8211; Crl\u00edci v Plzni<\/strong><br>m\u00edsto: Plze\u0148, Hotel Plze\u0148 <a href=\"https:\/\/www.hotelplzen.cz\/\">https:\/\/www.hotelplzen.cz\/<\/a><br>term\u00edn: 15.-17. b\u0159ezna 2019<br>po\u0159adatel: Pavel Vran\u00fd + David \u0160\u00edla<br>pozv\u00e1nka: <a href=\"https:\/\/mx5klub.cz\/wp-content\/uploads\/2025\/03\/2019_Plzensky_pivovar.pdf\">https:\/\/mx5klub.cz\/wp-content\/uploads\/2025\/03\/2019_Plzensky_pivovar.pdf<\/a><\/p>\n\n\n\n<p><strong>PRVN\u00cd JARN\u00cd SRAZ &#8211; \u017delezn\u00e9 Hory 2019<\/strong><br>m\u00edsto: Hotel Delta Se\u010d<br>term\u00edn: 10.-12. kv\u011btna 2019<br>za\u010d\u00e1tek srazu: 18:30 hod. (Ubytov\u00e1n\u00ed mo\u017en\u00e9 od 17 hodin)<br>po\u0159adatel: Iva a Michal Hrom\u00e1dkovi<br>pozv\u00e1nka: <a href=\"https:\/\/mx5klub.cz\/wp-content\/uploads\/2025\/03\/2019_Zelezne_hory.pdf\">https:\/\/mx5klub.cz\/wp-content\/uploads\/2025\/03\/2019_Zelezne_hory.pdf<\/a><\/p>\n\n\n\n<p><strong>Mille Miglia<\/strong><br>term\u00edn: 14.-18. kv\u011btna 2019<br>po\u0159adatel: Libor Novotn\u00fd<br><strong>\u00fa\u010dast nutno nahl\u00e1sit b\u011bhem prosince 2018<\/strong><br>Pozv\u00e1nka: <a href=\"https:\/\/mx5klub.cz\/wp-content\/uploads\/2025\/03\/2019_MILLE_MIGLIA.pdf\">https:\/\/mx5klub.cz\/wp-content\/uploads\/2025\/03\/2019_MILLE_MIGLIA.pdf<\/a><\/p>\n\n\n\n<p><strong>L\u00c1ZN\u011a SLATINICE<\/strong><br>m\u00edsto: L\u00e1zn\u011b Slatinice<br>term\u00edn: 14.\u201316. \u010dervna 2019<br>po\u0159adatel: Iva a V\u00e1clav Bro\u017e\u00edkovi<br>Pozv\u00e1nka: <a href=\"https:\/\/mx5klub.cz\/wp-content\/uploads\/2025\/03\/2019_Slatinice.pdf\">https:\/\/mx5klub.cz\/wp-content\/uploads\/2025\/03\/2019_Slatinice.pdf<\/a><\/p>\n\n\n\n<p><strong>PLZE\u0147SKO<\/strong><br>m\u00edsto: Penzion Farma Dvorec, Radnice 625 <a href=\"https:\/\/www.farmadvorec.cz\">https:\/\/www.farmadvorec.cz<\/a><br>term\u00edn: 23.-25. srpen 2019<br>po\u0159adatel: Zden\u011bk Stehl\u00edk, <a href=\"mailto:13.zdes@seznam.cz\">13.zdes@seznam.cz<\/a> + Robert Ka\u010d\u00edrek<br>Pozv\u00e1nka: <a href=\"https:\/\/mx5klub.cz\/wp-content\/uploads\/2025\/03\/2019_plzensko.pdf\">https:\/\/mx5klub.cz\/wp-content\/uploads\/2025\/03\/2019_plzensko.pdf<\/a><\/p>\n\n\n\n<p><strong>Okolo Kr\u00e1lick\u00e9ho Sn\u011b\u017en\u00edku<\/strong><br>m\u00edsto: Horsk\u00fd hotel Sn\u011b\u017eenka, Hyn\u010dice pod Su\u0161inou <a href=\"https:\/\/www.hotel-snezenka.cz\">https:\/\/www.hotel-snezenka.cz<\/a><br>term\u00edn: 13.-15. z\u00e1\u0159\u00ed 2019<br>po\u0159adatel: Zde\u0148ka a Michal Klempovi + David \u0160\u00edla<br>Pozv\u00e1nka: <a href=\"https:\/\/mx5klub.cz\/wp-content\/uploads\/2025\/03\/2019_Kralicky_Sneznik.pdf\">https:\/\/mx5klub.cz\/wp-content\/uploads\/2025\/03\/2019_Kralicky_Sneznik.pdf<\/a><\/p>\n\n\n\n<p><strong>V\u00cdNE\u010cKO<\/strong><br>m\u00edsto: Pru\u0161\u00e1nky, Ji\u017en\u00ed Morava<br>term\u00edn: 4.-6. \u0159\u00edjna 2019<br>po\u0159adatel: Zde\u0148ka a Michal Klempovi + David \u0160\u00edla<br>Pozv\u00e1nka: <a href=\"https:\/\/mx5klub.cz\/wp-content\/uploads\/2025\/03\/2019_Vinecko_Prusanky.pdf\">https:\/\/mx5klub.cz\/wp-content\/uploads\/2025\/03\/2019_Vinecko_Prusanky.pdf<\/a><\/p>\n\n\n\n<p><strong>HUSA<\/strong><br>m\u00edsto: Ryt\u00ed\u0159sko 156 Jamn\u00e9, <a href=\"http:\/\/www.hotelrytirsko.cz\">www.hotelrytirsko.cz<\/a><br>term\u00edn: 2.-3. listopadu 2019<br>po\u0159adatel: David \u0160\u00edla <a href=\"mailto:mx-5@davson.cz\">mx-5@davson.cz<\/a><br>Pozv\u00e1nka: <a href=\"https:\/\/mx5klub.cz\/wp-content\/uploads\/2025\/03\/2019_Rytirsko_Husa.pdf\">https:\/\/mx5klub.cz\/wp-content\/uploads\/2025\/03\/2019_Rytirsko_Husa.pdf<\/a><\/p>\n\n\n\n<p><strong>P\u0158EDV\u00c1NO\u010cN\u00cd SETK\u00c1N\u00cd<\/strong><br>m\u00edsto:hotel Slunce, Havl\u00ed\u010dk\u016fv Brod , <a href=\"https:\/\/www.hotelslunce.com\/\">https:\/\/www.hotelslunce.com\/<\/a><br>term\u00edn: 30.11.-1.12.2019<br>za\u010d\u00e1tek setk\u00e1n\u00ed: 15:30 hod.<br>po\u0159adatel: v\u00fdbor klubu <a href=\"mailto:mx-5@davson.cz\">mx-5@davson.cz<\/a><br>Pozv\u00e1nka: <a href=\"https:\/\/mx5klub.cz\/wp-content\/uploads\/2025\/03\/2019_Havlickuv_Brod.pdf\">https:\/\/mx5klub.cz\/wp-content\/uploads\/2025\/03\/2019_Havlickuv_Brod.pdf<\/a><\/p>\n","protected":false},"excerpt":{"rendered":"<p>SPOLE\u010cN\u00dd LEDNOV\u00dd OB\u011aD &#8211; VE\u010cE\u0158Em\u00edsto: Ryt\u00ed\u0159sko 156 Jamn\u00e9, www.hotelrytirsko.czterm\u00edn: 26.-27. ledna 2019za\u010d\u00e1tek setk\u00e1n\u00ed: 15:00 hod. (salonek bude zaji\u0161t\u011bn od 14.00 hod.)po\u0159adatel: David \u0160\u00edlapozv\u00e1nka: https:\/\/mx5klub.cz\/wp-content\/uploads\/2025\/03\/2019_Rytirsko_lednovy_obed.pdf P\u0158EDJARN\u00cd SETK\u00c1N\u00cd &#8211; Crl\u00edci v Plznim\u00edsto: Plze\u0148, Hotel Plze\u0148 https:\/\/www.hotelplzen.cz\/term\u00edn: 15.-17. b\u0159ezna 2019po\u0159adatel: Pavel Vran\u00fd + &hellip; <a href=\"https:\/\/mx5klub.cz\/index.php\/kalendar\/srazy-2019\/\">Cel\u00fd p\u0159\u00edsp\u011bvek <span class=\"meta-nav\">&rarr;<\/span><\/a><\/p>\n","protected":false},"author":2,"featured_media":0,"parent":2,"menu_order":30,"comment_status":"closed","ping_status":"closed","template":"","meta":{"footnotes":""},"class_list":["post-181","page","type-page","status-publish","hentry"],"_links":{"self":[{"href":"https:\/\/mx5klub.cz\/index.php\/wp-json\/wp\/v2\/pages\/181","targetHints":{"allow":["GET"]}}],"collection":[{"href":"https:\/\/mx5klub.cz\/index.php\/wp-json\/wp\/v2\/pages"}],"about":[{"href":"https:\/\/mx5klub.cz\/index.php\/wp-json\/wp\/v2\/types\/page"}],"author":[{"embeddable":true,"href":"https:\/\/mx5klub.cz\/index.php\/wp-json\/wp\/v2\/users\/2"}],"replies":[{"embeddable":true,"href":"https:\/\/mx5klub.cz\/index.php\/wp-json\/wp\/v2\/comments?post=181"}],"version-history":[{"count":1,"href":"https:\/\/mx5klub.cz\/index.php\/wp-json\/wp\/v2\/pages\/181\/revisions"}],"predecessor-version":[{"id":192,"href":"https:\/\/mx5klub.cz\/index.php\/wp-json\/wp\/v2\/pages\/181\/revisions\/192"}],"up":[{"embeddable":true,"href":"https:\/\/mx5klub.cz\/index.php\/wp-json\/wp\/v2\/pages\/2"}],"wp:attachment":[{"href":"https:\/\/mx5klub.cz\/index.php\/wp-json\/wp\/v2\/media?parent=181"}],"curies":[{"name":"wp","href":"https:\/\/api.w.org\/{rel}","templated":true}]}}