{"id":158,"date":"2025-03-12T11:36:23","date_gmt":"2025-03-12T10:36:23","guid":{"rendered":"https:\/\/mx5klub.cz\/?page_id=158"},"modified":"2025-03-12T13:23:19","modified_gmt":"2025-03-12T12:23:19","slug":"srazy-2017","status":"publish","type":"page","link":"https:\/\/mx5klub.cz\/index.php\/kalendar\/srazy-2017\/","title":{"rendered":"Srazy 2017"},"content":{"rendered":"\n<p><strong>SPOLE\u010cN\u00dd LEDNOV\u00dd OB\u011aD<\/strong><br>m\u00edsto: hotel FARMA, Slu\u017e\u00e1tky 25 ( u Pelh\u0159imova ), <a href=\"http:\/\/www.hotel-farma.cz\">www.hotel-farma.cz<\/a><br>term\u00edn: 21.ledna 2017, za\u010d\u00e1tek setk\u00e1n\u00ed: 11:30 hod. (salonek bude zaji\u0161t\u011bn od 11.00 hod.)<br>po\u0159adatel: Zde\u0148ka a Michal Klempovi<br>pozv\u00e1nka: <a href=\"https:\/\/mx5klub.cz\/wp-content\/uploads\/2025\/03\/2017_Lednovy_obed.pdf\">https:\/\/mx5klub.cz\/wp-content\/uploads\/2025\/03\/2017_Lednovy_obed.pdf<\/a><\/p>\n\n\n\n<p><strong>P\u0158EDJARN\u00cd SETK\u00c1N\u00cd<\/strong><br>m\u00edsto: hotel CRL\u00cdK, Tet\u010dice, <a href=\"http:\/\/www.crlik.cz\">www.crlik.cz<\/a><br>term\u00edn: 18.-19. b\u0159ezna 2017 (sobota-ned\u011bli), za\u010d\u00e1tek setk\u00e1n\u00ed: 15:00 hod.<br>po\u0159adatel: Zde\u0148ka a Michal Klempovi<br>pozv\u00e1nka: <a href=\"https:\/\/mx5klub.cz\/wp-content\/uploads\/2025\/03\/2017_Crlik.pdf\">https:\/\/mx5klub.cz\/wp-content\/uploads\/2025\/03\/2017_Crlik.pdf<\/a><\/p>\n\n\n\n<p><strong>PRVN\u00cd JARN\u00cd SRAZ &#8211; SVITAVSKO<\/strong><br>m\u00edsto: Hotel Schindler\u016fv h\u00e1j, Pra\u017esk\u00e1 77, Svitavy, <a href=\"http:\/\/www.hotelsh.cz\">www.hotelsh.cz<\/a><br>term\u00edn: 28.4.-1. kv\u011btna 2017<br>po\u0159adatel: Zde\u0148ka a Michal Klempovi<br>pozv\u00e1nka: <a href=\"https:\/\/mx5klub.cz\/wp-content\/uploads\/2025\/03\/2017_Nove_Svitavsko.pdf\">https:\/\/mx5klub.cz\/wp-content\/uploads\/2025\/03\/2017_Nove_Svitavsko.pdf<\/a><\/p>\n\n\n\n<p><strong>MILLE MIGLIA<\/strong><br>m\u00edsto: It\u00e1lie, San Marino<br>term\u00edn: 18. a\u017e 21. kv\u011btna 2017<br>po\u0159adatel: Libor Novotn\u00fd<br>pozv\u00e1nka: <a href=\"https:\/\/mx5klub.cz\/wp-content\/uploads\/2025\/03\/2017_MILLE_MIGLIA.pdf\">https:\/\/mx5klub.cz\/wp-content\/uploads\/2025\/03\/2017_MILLE_MIGLIA.pdf<\/a><\/p>\n\n\n\n<p><strong>V\u00ddCHODN\u00cd \u010cECHY<\/strong><br>m\u00edsto: Hotel Harmonie, Prost\u0159edn\u00ed L\u00e1nov , <a href=\"http:\/\/www.harmoniehotel.cz\/\">http:\/\/www.harmoniehotel.cz\/<\/a><br>term\u00edn: 2.\u20134. 6. 2017<br>po\u0159adatel: Jitka a Milo\u0161 Nov\u00e1kovi<br>pozv\u00e1nka: <a href=\"https:\/\/mx5klub.cz\/wp-content\/uploads\/2025\/03\/2017_Vychodni_Cechy.pdf\">https:\/\/mx5klub.cz\/wp-content\/uploads\/2025\/03\/2017_Vychodni_Cechy.pdf<\/a><\/p>\n\n\n\n<p><strong>RUMUNSKO<\/strong><br>m\u00edsto: n\u011bkde v Rumunsk\u00fdch hor\u00e1ch<br>term\u00edn: \u010dervenec 2017<br>po\u0159adatel: Milan Kr\u00e1l<\/p>\n\n\n\n<p><strong>Rychlosraz Ryt\u00ed\u0159sko 2017<\/strong><br>m\u00edsto: Ryt\u00ed\u0159sko 156 Jamn\u00e9, <a href=\"http:\/\/www.hotelrytirsko.cz\">www.hotelrytirsko.cz<\/a><br>term\u00edn: 18.-20. srpna 2017<br>po\u0159ada<a href=\"tel:Michal\">tel:Michal<\/a> a Zde\u0148ka Klempovi, David \u0160\u00edla<br>pozv\u00e1nka: <a href=\"https:\/\/mx5klub.cz\/wp-content\/uploads\/2025\/03\/2017_Rytirsko.pdf\">https:\/\/mx5klub.cz\/wp-content\/uploads\/2025\/03\/2017_Rytirsko.pdf<\/a><\/p>\n\n\n\n<p><strong>Barto\u0161ky<\/strong><br>m\u00edsto: Barto\u0161ovice v Orlick\u00fdch hor\u00e1ch<br>term\u00edn: 15.-17. z\u00e1\u0159\u00ed 2017<br>po\u0159adatel: Dana, Pe\u0165as a Petr Havl\u00edkovi<br>pozv\u00e1nka: <a href=\"https:\/\/mx5klub.cz\/wp-content\/uploads\/2025\/03\/2017_Bartosky.pdf\">https:\/\/mx5klub.cz\/wp-content\/uploads\/2025\/03\/2017_Bartosky.pdf<\/a><\/p>\n\n\n\n<p><strong>HUSA 2017<\/strong><br>m\u00edsto: Ryt\u00ed\u0159sko 156 Jamn\u00e9, <a href=\"http:\/\/www.hotelrytirsko.cz\">www.hotelrytirsko.cz<\/a><br>term\u00edn: 28.-29. \u0159\u00edjen 2017<br>po\u0159adatel: David \u0160\u00edla<br>pozv\u00e1nka: <a href=\"https:\/\/mx5klub.cz\/wp-content\/uploads\/2025\/03\/2017_Rytirsko_Husa.pdf\">https:\/\/mx5klub.cz\/wp-content\/uploads\/2025\/03\/2017_Rytirsko_Husa.pdf<\/a><\/p>\n\n\n\n<p><strong>P\u0158EDV\u00c1NO\u010cN\u00cd SETK\u00c1N\u00cd<\/strong><br>m\u00edsto:hotel U Kata, Kutn\u00e1 Hora , <a href=\"http:\/\/www.ukata.cz\">www.ukata.cz<\/a><br>term\u00edn: 2.-3. prosince (ze soboty na ned\u011bli), za\u010d\u00e1tek setk\u00e1n\u00ed: 15:30 hod.<br>po\u0159adatel: v\u00fdbor klubu<\/p>\n","protected":false},"excerpt":{"rendered":"<p>SPOLE\u010cN\u00dd LEDNOV\u00dd OB\u011aDm\u00edsto: hotel FARMA, Slu\u017e\u00e1tky 25 ( u Pelh\u0159imova ), www.hotel-farma.czterm\u00edn: 21.ledna 2017, za\u010d\u00e1tek setk\u00e1n\u00ed: 11:30 hod. (salonek bude zaji\u0161t\u011bn od 11.00 hod.)po\u0159adatel: Zde\u0148ka a Michal Klempovipozv\u00e1nka: https:\/\/mx5klub.cz\/wp-content\/uploads\/2025\/03\/2017_Lednovy_obed.pdf P\u0158EDJARN\u00cd SETK\u00c1N\u00cdm\u00edsto: hotel CRL\u00cdK, Tet\u010dice, www.crlik.czterm\u00edn: 18.-19. b\u0159ezna 2017 (sobota-ned\u011bli), za\u010d\u00e1tek &hellip; <a href=\"https:\/\/mx5klub.cz\/index.php\/kalendar\/srazy-2017\/\">Cel\u00fd p\u0159\u00edsp\u011bvek <span class=\"meta-nav\">&rarr;<\/span><\/a><\/p>\n","protected":false},"author":2,"featured_media":0,"parent":2,"menu_order":32,"comment_status":"closed","ping_status":"closed","template":"","meta":{"footnotes":""},"class_list":["post-158","page","type-page","status-publish","hentry"],"_links":{"self":[{"href":"https:\/\/mx5klub.cz\/index.php\/wp-json\/wp\/v2\/pages\/158","targetHints":{"allow":["GET"]}}],"collection":[{"href":"https:\/\/mx5klub.cz\/index.php\/wp-json\/wp\/v2\/pages"}],"about":[{"href":"https:\/\/mx5klub.cz\/index.php\/wp-json\/wp\/v2\/types\/page"}],"author":[{"embeddable":true,"href":"https:\/\/mx5klub.cz\/index.php\/wp-json\/wp\/v2\/users\/2"}],"replies":[{"embeddable":true,"href":"https:\/\/mx5klub.cz\/index.php\/wp-json\/wp\/v2\/comments?post=158"}],"version-history":[{"count":1,"href":"https:\/\/mx5klub.cz\/index.php\/wp-json\/wp\/v2\/pages\/158\/revisions"}],"predecessor-version":[{"id":167,"href":"https:\/\/mx5klub.cz\/index.php\/wp-json\/wp\/v2\/pages\/158\/revisions\/167"}],"up":[{"embeddable":true,"href":"https:\/\/mx5klub.cz\/index.php\/wp-json\/wp\/v2\/pages\/2"}],"wp:attachment":[{"href":"https:\/\/mx5klub.cz\/index.php\/wp-json\/wp\/v2\/media?parent=158"}],"curies":[{"name":"wp","href":"https:\/\/api.w.org\/{rel}","templated":true}]}}