{"id":116,"date":"2025-03-12T10:49:02","date_gmt":"2025-03-12T09:49:02","guid":{"rendered":"https:\/\/mx5klub.cz\/?page_id=116"},"modified":"2025-03-13T09:45:55","modified_gmt":"2025-03-13T08:45:55","slug":"srazy-2013","status":"publish","type":"page","link":"https:\/\/mx5klub.cz\/index.php\/kalendar\/srazy-2013\/","title":{"rendered":"Srazy 2013"},"content":{"rendered":"\n<p>9.3.2013<br>IV.p\u0159edjarn\u00ed setk\u00e1n\u00ed v Tet\u010dic\u00edch U Crl\u00edk\u016f (Zdena a Michal Klempovi)<br><a href=\"https:\/\/mx5klub.cz\/wp-content\/uploads\/2025\/03\/Crlik2013.pdf\">https:\/\/mx5klub.cz\/wp-content\/uploads\/2025\/03\/Crlik2013.pdf<\/a><\/p>\n\n\n\n<p>14.4.2013<br>Vyj\u00ed\u017e\u010fka Hradeck\u00e9 sekce. P\u0159\u00edprava na prvn\u00ed leto\u0161n\u00ed sraz.<br><a href=\"https:\/\/www.facebook.com\/media\/set\/?set=a.181262458690184.1073741826.161244504025313&amp;type=1\">https:\/\/www.facebook.com\/media\/set\/?set=a.181262458690184.1073741826.161244504025313&amp;type=1<\/a><\/p>\n\n\n\n<p>10. &#8211; 12.5. 2013<br>Okolo Hradce s MX-5 a\u017e do R\u00e1je (Hradeck\u00e1 sekce)<br><a href=\"https:\/\/mx5klub.cz\/wp-content\/uploads\/2025\/03\/OKOLO_HRADCE_s_MX-5_do_Raje.pdf\">https:\/\/mx5klub.cz\/wp-content\/uploads\/2025\/03\/OKOLO_HRADCE_s_MX-5_do_Raje.pdf<\/a><\/p>\n\n\n\n<p>15. &#8211; 19.5. 2013<br>Mille Miglia (Libor Novotn\u00fd)<br><a href=\"http:\/\/jitkanovak.rajce.idnes.cz\/Mille_Miglia_2013\/\nhttp:\/\/mx5guy.rajce.idnes.cz\/MX5-Guy_-_Mille_Miglia_2013\/\nhttp:\/\/mx5guy.rajce.idnes.cz\/Maranello_2013\/\">http:\/\/jitkanovak.rajce.idnes.cz\/Mille_Miglia_2013\/<br>http:\/\/mx5guy.rajce.idnes.cz\/MX5-Guy_-_Mille_Miglia_2013\/<br>http:\/\/mx5guy.rajce.idnes.cz\/Maranello_2013\/<\/a><\/p>\n\n\n\n<p>18.-31.5. 2013 Korsica, Sardinie s MX-5<br><a href=\"http:\/\/jitkanovak.rajce.idnes.cz\/5200_km_s_MX-5_Korsikou%2C_Sardinii_a_pres_Dolomity_domu\/\">http:\/\/jitkanovak.rajce.idnes.cz\/5200_km_s_MX-5_Korsikou%2C_Sardinii_a_p&#8230;<\/a><br><a href=\"http:\/\/mx5guy.rajce.idnes.cz\/MX5_-_Corsica_2013\/\">http:\/\/mx5guy.rajce.idnes.cz\/MX5_-_Corsica_2013\/<\/a><\/p>\n\n\n\n<p><a href=\"http:\/\/jitkanovak.rajce.idnes.cz\/S_MX-5_3500_km_alpskymi_prusmyky_na_Tour_de_France_2013\/\" data-type=\"link\" data-id=\"http:\/\/jitkanovak.rajce.idnes.cz\/S_MX-5_3500_km_alpskymi_prusmyky_na_Tour_de_France_2013\/\">http:\/\/jitkanovak.rajce.idnes.cz\/S_MX-5_3500_km_alpskymi_prusmyky_na_Tour_de_France_2013\/<\/a><\/p>\n\n\n\n<p>14. &#8211; 16.6. 2013<br>&#8222;Karl\u0161tejn Tour 2013&#8220; (Ota \u0160van\u011bk)<br><a href=\"https:\/\/mx5klub.cz\/wp-content\/uploads\/2025\/03\/Karlstejn_Tour_2013.pdf\">https:\/\/mx5klub.cz\/wp-content\/uploads\/2025\/03\/Karlstejn_Tour_2013.pdf<\/a><\/p>\n\n\n\n<p>26. &#8211; 28.7. 2013<br>&#8222;S mazdi\u010dkou za husi\u010dkou&#8220; Zdena a Michal Klempovi<br><a href=\"https:\/\/mx5klub.cz\/wp-content\/uploads\/2025\/03\/Husicka2013.pdf\">https:\/\/mx5klub.cz\/wp-content\/uploads\/2025\/03\/Husicka2013.pdf<\/a><\/p>\n\n\n\n<p>23. \u2013 25.8. 2013<br>Ji\u017en\u00ed \u010cechy, Jind\u0159ich\u016fv Hradec &#8211; Slavonice (Jarom\u00edr Malina)<\/p>\n\n\n\n<p>20. &#8211; 22.9. 2013<br>Rakousk\u00e1 oblast Wachau Zdena a Michal Klempovi<\/p>\n\n\n\n<p>4. \u2013 6.10.2013<br>Vala\u0161sko, B\u00edl\u00e9 Karpaty (Va\u0161ek Be\u0148o)<br><a href=\"https:\/\/mx5klub.cz\/wp-content\/uploads\/2025\/03\/Bile_Karpaty_2013.pdf\">https:\/\/mx5klub.cz\/wp-content\/uploads\/2025\/03\/Bile_Karpaty_2013.pdf<\/a><br><a href=\"http:\/\/mysulinda.rajce.idnes.cz\/S_Valasku_v_zadoch\/\">http:\/\/mysulinda.rajce.idnes.cz\/S_Valasku_v_zadoch\/<\/a><\/p>\n\n\n\n<p>11. &#8211; 13. 10. 2013<br>Propijeme se do v\u00edne\u010dka, Velk\u00e9 B\u00edlovice (Va\u0161ek a \u0160\u00e1rka \u010cervenkovi)<br><a href=\"https:\/\/mx5klub.cz\/wp-content\/uploads\/2025\/03\/PropijemeSeDoVinecka2v.pdf\">https:\/\/mx5klub.cz\/wp-content\/uploads\/2025\/03\/PropijemeSeDoVinecka2v.pdf<\/a><br><a href=\"http:\/\/mysulinda.rajce.idnes.cz\/Bobule_3\/\">http:\/\/mysulinda.rajce.idnes.cz\/Bobule_3\/<\/a><\/p>\n\n\n\n<p>23.11.2013<br>Rozlou\u010den\u00ed se sez\u00f3nou V\u00edlanec<br><a href=\"https:\/\/mx5klub.cz\/wp-content\/uploads\/2025\/03\/PozvankaVilanec2013.pdf\">https:\/\/mx5klub.cz\/wp-content\/uploads\/2025\/03\/PozvankaVilanec2013.pdf<\/a><\/p>\n","protected":false},"excerpt":{"rendered":"<p>9.3.2013IV.p\u0159edjarn\u00ed setk\u00e1n\u00ed v Tet\u010dic\u00edch U Crl\u00edk\u016f (Zdena a Michal Klempovi)https:\/\/mx5klub.cz\/wp-content\/uploads\/2025\/03\/Crlik2013.pdf 14.4.2013Vyj\u00ed\u017e\u010fka Hradeck\u00e9 sekce. P\u0159\u00edprava na prvn\u00ed leto\u0161n\u00ed sraz.https:\/\/www.facebook.com\/media\/set\/?set=a.181262458690184.1073741826.161244504025313&amp;type=1 10. &#8211; 12.5. 2013Okolo Hradce s MX-5 a\u017e do R\u00e1je (Hradeck\u00e1 sekce)https:\/\/mx5klub.cz\/wp-content\/uploads\/2025\/03\/OKOLO_HRADCE_s_MX-5_do_Raje.pdf 15. &#8211; 19.5. 2013Mille Miglia (Libor Novotn\u00fd)http:\/\/jitkanovak.rajce.idnes.cz\/Mille_Miglia_2013\/http:\/\/mx5guy.rajce.idnes.cz\/MX5-Guy_-_Mille_Miglia_2013\/http:\/\/mx5guy.rajce.idnes.cz\/Maranello_2013\/ 18.-31.5. 2013 Korsica, &hellip; <a href=\"https:\/\/mx5klub.cz\/index.php\/kalendar\/srazy-2013\/\">Cel\u00fd p\u0159\u00edsp\u011bvek <span class=\"meta-nav\">&rarr;<\/span><\/a><\/p>\n","protected":false},"author":2,"featured_media":0,"parent":2,"menu_order":36,"comment_status":"closed","ping_status":"closed","template":"","meta":{"footnotes":""},"class_list":["post-116","page","type-page","status-publish","hentry"],"_links":{"self":[{"href":"https:\/\/mx5klub.cz\/index.php\/wp-json\/wp\/v2\/pages\/116","targetHints":{"allow":["GET"]}}],"collection":[{"href":"https:\/\/mx5klub.cz\/index.php\/wp-json\/wp\/v2\/pages"}],"about":[{"href":"https:\/\/mx5klub.cz\/index.php\/wp-json\/wp\/v2\/types\/page"}],"author":[{"embeddable":true,"href":"https:\/\/mx5klub.cz\/index.php\/wp-json\/wp\/v2\/users\/2"}],"replies":[{"embeddable":true,"href":"https:\/\/mx5klub.cz\/index.php\/wp-json\/wp\/v2\/comments?post=116"}],"version-history":[{"count":4,"href":"https:\/\/mx5klub.cz\/index.php\/wp-json\/wp\/v2\/pages\/116\/revisions"}],"predecessor-version":[{"id":308,"href":"https:\/\/mx5klub.cz\/index.php\/wp-json\/wp\/v2\/pages\/116\/revisions\/308"}],"up":[{"embeddable":true,"href":"https:\/\/mx5klub.cz\/index.php\/wp-json\/wp\/v2\/pages\/2"}],"wp:attachment":[{"href":"https:\/\/mx5klub.cz\/index.php\/wp-json\/wp\/v2\/media?parent=116"}],"curies":[{"name":"wp","href":"https:\/\/api.w.org\/{rel}","templated":true}]}}