{"id":114,"date":"2025-03-12T10:43:40","date_gmt":"2025-03-12T09:43:40","guid":{"rendered":"https:\/\/mx5klub.cz\/?page_id=114"},"modified":"2025-03-13T09:40:10","modified_gmt":"2025-03-13T08:40:10","slug":"srazy-2012","status":"publish","type":"page","link":"https:\/\/mx5klub.cz\/index.php\/kalendar\/srazy-2012\/","title":{"rendered":"Srazy 2012"},"content":{"rendered":"\n<p>10. &#8211; 11.3.2012<br>T\u0159et\u00ed p\u0159edjarn\u00ed setk\u00e1n\u00ed \/ Zde\u0148ka a Michal Klempovi<\/p>\n\n\n\n<p>4. a\u017e 8.5.2012<br>Okolo Moravy a \u010cech \/ Otam\u00edr \u0160van\u011bk a Radek Plh\u00e1k<\/p>\n\n\n\n<p><a href=\"http:\/\/jitkanovak.rajce.idnes.cz\/Norsko_s_MX-5_2012\/\">http:\/\/jitkanovak.rajce.idnes.cz\/Norsko_s_MX-5_2012\/<\/a><br><br><a href=\"http:\/\/mx5guy.rajce.idnes.cz\/MX-5_Guy_-_Mille_Miglia_2012\/\">http:\/\/mx5guy.rajce.idnes.cz\/MX-5_Guy_-_Mille_Miglia_2012\/<\/a><\/p>\n\n\n\n<p>15. a\u017e 17.6.2012<br>S MAZDI\u010cKOU ZA HUSI\u010cKOU aneb 13 let s MX-5 \/ Zde\u0148ka a Michal Klempovi<\/p>\n\n\n\n<p>7. a\u017e 9.9.2012<br>S Prad\u011bdem v pat\u00e1ch \/ Ivana a V\u00e1clav Bro\u017e\u00edkovi<\/p>\n\n\n\n<p>13.-14.10.2012<br>Dost bylo metanolu, propijeme se do v\u00edne\u010dka.<br>P\u00e1r fotek z vyj\u00ed\u017e\u010fky za Moravsk\u00fdm v\u00ednem. Velk\u00e9 B\u00edlovice, Klentnice, Pavlov.<br><a href=\"http:\/\/javlik.rajce.idnes.cz\/Dost_bylo_metanolu%2C_propijme_se_do_vinecka.\/\">http:\/\/javlik.rajce.idnes.cz\/Dost_bylo_metanolu%2C_propijme_se_do_vinecka.\/<\/a><\/p>\n\n\n\n<p>24.11.2012 Posledn\u00ed tankov\u00e1n\u00ed 2012<\/p>\n\n\n\n<ul class=\"wp-block-list\">\n<li><\/li>\n<\/ul>\n\n\n\n<p><\/p>\n","protected":false},"excerpt":{"rendered":"<p>10. &#8211; 11.3.2012T\u0159et\u00ed p\u0159edjarn\u00ed setk\u00e1n\u00ed \/ Zde\u0148ka a Michal Klempovi 4. a\u017e 8.5.2012Okolo Moravy a \u010cech \/ Otam\u00edr \u0160van\u011bk a Radek Plh\u00e1k http:\/\/jitkanovak.rajce.idnes.cz\/Norsko_s_MX-5_2012\/ http:\/\/mx5guy.rajce.idnes.cz\/MX-5_Guy_-_Mille_Miglia_2012\/ 15. a\u017e 17.6.2012S MAZDI\u010cKOU ZA HUSI\u010cKOU aneb 13 let s MX-5 \/ Zde\u0148ka a Michal Klempovi &hellip; <a href=\"https:\/\/mx5klub.cz\/index.php\/kalendar\/srazy-2012\/\">Cel\u00fd p\u0159\u00edsp\u011bvek <span class=\"meta-nav\">&rarr;<\/span><\/a><\/p>\n","protected":false},"author":2,"featured_media":0,"parent":2,"menu_order":37,"comment_status":"closed","ping_status":"closed","template":"","meta":{"footnotes":""},"class_list":["post-114","page","type-page","status-publish","hentry"],"_links":{"self":[{"href":"https:\/\/mx5klub.cz\/index.php\/wp-json\/wp\/v2\/pages\/114","targetHints":{"allow":["GET"]}}],"collection":[{"href":"https:\/\/mx5klub.cz\/index.php\/wp-json\/wp\/v2\/pages"}],"about":[{"href":"https:\/\/mx5klub.cz\/index.php\/wp-json\/wp\/v2\/types\/page"}],"author":[{"embeddable":true,"href":"https:\/\/mx5klub.cz\/index.php\/wp-json\/wp\/v2\/users\/2"}],"replies":[{"embeddable":true,"href":"https:\/\/mx5klub.cz\/index.php\/wp-json\/wp\/v2\/comments?post=114"}],"version-history":[{"count":3,"href":"https:\/\/mx5klub.cz\/index.php\/wp-json\/wp\/v2\/pages\/114\/revisions"}],"predecessor-version":[{"id":306,"href":"https:\/\/mx5klub.cz\/index.php\/wp-json\/wp\/v2\/pages\/114\/revisions\/306"}],"up":[{"embeddable":true,"href":"https:\/\/mx5klub.cz\/index.php\/wp-json\/wp\/v2\/pages\/2"}],"wp:attachment":[{"href":"https:\/\/mx5klub.cz\/index.php\/wp-json\/wp\/v2\/media?parent=114"}],"curies":[{"name":"wp","href":"https:\/\/api.w.org\/{rel}","templated":true}]}}